{"id":26,"date":"2010-11-21T20:01:41","date_gmt":"2010-11-21T20:01:41","guid":{"rendered":"http:\/\/www.mietmichmal.de\/wordpress\/?page_id=26"},"modified":"2018-05-20T11:55:24","modified_gmt":"2018-05-20T09:55:24","slug":"impressum","status":"publish","type":"page","link":"http:\/\/www.mietmichmal.de\/?page_id=26","title":{"rendered":"Impressum"},"content":{"rendered":"<p><strong><em>Adresse:<\/em><\/strong><\/p>\n<address>Jens Hartmann<\/address>\n<address>Vogteistrasse 8<\/address>\n<address>D &#8211; 75365 Calw<\/address>\n<address>Telefon: +49 (0) 7051-9790310<\/address>\n<address>Mobil: +49 (0) 170-3351043 (keine SMS)<\/address>\n<p><strong><em>email:<\/em><\/strong><\/p>\n<p><a href=\"mailto:jh8@online.de\">info@mietmichmal.de<\/a><\/p>\n<p><strong><em>GPS:<\/em><\/strong><\/p>\n<p>N 48\u00b0 42&#8242; 42.9&#8243;<\/p>\n<p>O 8\u00a0 \u00b0 45&#8242; 1.8 &#8220;<\/p>\n<p><strong>Haftungsausschluss f\u00fcr Links:<\/strong><\/p>\n<p>Alle auf dieser Webpr\u00e4senz angebrachten Links wurden am nach bestem Wissen und Gewissen auf rechtswidrige Inhalte im Sinne des JuSchG (Fassung vom 23. Juli 2002) und des StGB (Fassung vom 13.11.1998) gepr\u00fcft. Dabei sind uns keine im Sinne der genannten Vorschriften rechtsrelevanten Inhalte zur Kenntnis gekommen. F\u00fcr sp\u00e4tere \u00c4nderungen der Inhalte von verlinkten Angeboten, die den gesetzlichen Regelungen nicht entsprechen, sind wir nicht verantwortlich (\u00a7 9 I TDG). Ebenfalls schlie\u00dfen wir Haftungen, die sich auf rechtwidrige Inhalte beziehen, welche \u00fcber Linkketten erreicht werden, aus. Eine Pflicht zur regelm\u00e4\u00dfigen \u00dcberpr\u00fcfung verlinkter Inhalte obliegt uns nicht (\u00a7 8 II TDG). Sollten Sie Kenntnis von sp\u00e4ter ge\u00e4nderten Inhalten verlinkter Seiten erlangen, die nicht den gesetzlichen Vorschriften entsprechen, nehmen Sie bitte Kontakt zu uns auf. Wir werden Ihre Anregung pr\u00fcfen und den entsprechenden Link ggfs. entfernen.<\/p>\n<p><strong>Nutzung von Namen, Adressen und Telekommunikationsdaten:<\/strong><\/p>\n<p>Alle auf dieser Webpr\u00e4senz ver\u00f6ffentlichten Namen, Adressen, Telefon- und Faxnummern sowie insbesondere E-Mail-Adressen dienen ausschlie\u00dflich Informationszwecken. Ihre kommerzielle Nutzung durch Dritte &#8211; egal in welcher Form &#8211; ist hiermit ausdr\u00fccklich untersagt. Bei Zuwiderhandlungen behalten wir uns sowohl straf- wie auch zivilrechtliche Schritte vor.<\/p>\n<p>&nbsp;<\/p>\n","protected":false},"excerpt":{"rendered":"<p>Adresse: Jens Hartmann Vogteistrasse 8 D &#8211; 75365 Calw Telefon: +49 (0) 7051-9790310 Mobil: +49 (0) 170-3351043 (keine SMS) email: info@mietmichmal.de GPS: N 48\u00b0 42&#8242; 42.9&#8243; O 8\u00a0 \u00b0 45&#8242; 1.8 &#8220; Haftungsausschluss f\u00fcr Links: Alle auf dieser Webpr\u00e4senz angebrachten Links wurden am nach bestem Wissen und Gewissen auf rechtswidrige Inhalte im Sinne des JuSchG &hellip; <a href=\"http:\/\/www.mietmichmal.de\/?page_id=26\" class=\"more-link\"><span class=\"screen-reader-text\">Impressum<\/span> weiterlesen <span class=\"meta-nav\">&rarr;<\/span><\/a><\/p>\n","protected":false},"author":1,"featured_media":0,"parent":0,"menu_order":0,"comment_status":"closed","ping_status":"closed","template":"","meta":{"footnotes":""},"class_list":["post-26","page","type-page","status-publish","hentry"],"_links":{"self":[{"href":"http:\/\/www.mietmichmal.de\/index.php?rest_route=\/wp\/v2\/pages\/26","targetHints":{"allow":["GET"]}}],"collection":[{"href":"http:\/\/www.mietmichmal.de\/index.php?rest_route=\/wp\/v2\/pages"}],"about":[{"href":"http:\/\/www.mietmichmal.de\/index.php?rest_route=\/wp\/v2\/types\/page"}],"author":[{"embeddable":true,"href":"http:\/\/www.mietmichmal.de\/index.php?rest_route=\/wp\/v2\/users\/1"}],"replies":[{"embeddable":true,"href":"http:\/\/www.mietmichmal.de\/index.php?rest_route=%2Fwp%2Fv2%2Fcomments&post=26"}],"version-history":[{"count":3,"href":"http:\/\/www.mietmichmal.de\/index.php?rest_route=\/wp\/v2\/pages\/26\/revisions"}],"predecessor-version":[{"id":618,"href":"http:\/\/www.mietmichmal.de\/index.php?rest_route=\/wp\/v2\/pages\/26\/revisions\/618"}],"wp:attachment":[{"href":"http:\/\/www.mietmichmal.de\/index.php?rest_route=%2Fwp%2Fv2%2Fmedia&parent=26"}],"curies":[{"name":"wp","href":"https:\/\/api.w.org\/{rel}","templated":true}]}}